{"id":257,"date":"2025-04-10T19:00:08","date_gmt":"2025-04-10T17:00:08","guid":{"rendered":"https:\/\/marfreixa.com\/?page_id=257"},"modified":"2025-06-02T17:36:21","modified_gmt":"2025-06-02T15:36:21","slug":"estudi","status":"publish","type":"page","link":"https:\/\/marfreixa.com\/es\/estudi\/","title":{"rendered":"Estudio"},"content":{"rendered":"<div data-elementor-type=\"wp-page\" data-elementor-id=\"257\" class=\"elementor elementor-257\" data-elementor-post-type=\"page\">\n\t\t\t\t<div class=\"elementor-element elementor-element-760789a e-flex e-con-boxed e-con e-parent\" data-id=\"760789a\" data-element_type=\"container\" data-e-type=\"container\" data-settings=\"{&quot;background_background&quot;:&quot;classic&quot;}\">\n\t\t\t\t\t<div class=\"e-con-inner\">\n\t\t\t\t<div class=\"elementor-element elementor-element-9149c07 elementor-widget elementor-widget-heading\" data-id=\"9149c07\" data-element_type=\"widget\" data-e-type=\"widget\" data-widget_type=\"heading.default\">\n\t\t\t\t<div class=\"elementor-widget-container\">\n\t\t\t\t\t<h2 class=\"elementor-heading-title elementor-size-default\">Estudio<\/h2>\t\t\t\t<\/div>\n\t\t\t\t<\/div>\n\t\t\t\t\t<\/div>\n\t\t\t\t<\/div>\n\t\t<div class=\"elementor-element elementor-element-7004052 e-flex e-con-boxed e-con e-parent\" data-id=\"7004052\" data-element_type=\"container\" data-e-type=\"container\">\n\t\t\t\t\t<div class=\"e-con-inner\">\n\t\t<div class=\"elementor-element elementor-element-4ce07dc e-con-full e-flex e-con e-child\" data-id=\"4ce07dc\" data-element_type=\"container\" data-e-type=\"container\">\n\t\t\t\t<div class=\"elementor-element elementor-element-9dda1fe elementor-widget elementor-widget-text-editor\" data-id=\"9dda1fe\" data-element_type=\"widget\" data-e-type=\"widget\" data-widget_type=\"text-editor.default\">\n\t\t\t\t<div class=\"elementor-widget-container\">\n\t\t\t\t\t\t\t\t\t<p>Estudio especializado en transformar tu vivienda en un hogar saludable, c\u00e1lido y acogedor.<\/p><p>En un hogar \u00daNICO que se acomode a tu estilo de vida, manteniendo un perfecto equilibrio entre confort, funcionalidad y dise\u00f1o atemporal que se adapte a tus necesidades, maximizando el aprovechamiento de los espacios y sobre todo garantizando la SALUD de las personas que habitan estos espacios.<\/p><p>Un NIDO, un HOGAR que refleje una sensaci\u00f3n de REFUGIO y BIENESTAR.<\/p><p>Con m\u00e1s de 15 a\u00f1os de experiencia seguimos con ganas y energ\u00eda de afrontar nuevos retos para crear proyectos de dise\u00f1o y arquitectura que no s\u00f3lo cumplan con las expectativas, sino que superen los SUE\u00d1OS de nuestros clientes.<\/p><p>I amb la il\u00b7lusi\u00f3 i el comprom\u00eds de seguir formant-nos i d\u2019ampliar els coneixements de bioconstrucci\u00f3, geobiologia, feng shui, d\u2019efici\u00e8ncia i sostenibilitat.<\/p><p>Y con la ilusi\u00f3n y el compromiso de seguir form\u00e1ndonos y ampliar los conocimientos de bioconstrucci\u00f3n, geobiolog\u00eda, feng shui, de eficiencia y sostenibilidad.<\/p><p>Cada proyecto que emprendemos ahora es una oportunidad para transformar los espacios en lugares que no s\u00f3lo mejoran la calidad de vida, sino que tambi\u00e9n contribuyen a preservar nuestro entorno y crear ambientes equilibrados para las personas.<\/p><p>Espacios que no s\u00f3lo sean bellos y funcionales, sino tambi\u00e9n saludables y respetuosos con el medio ambiente, recuperando elementos originales y con dise\u00f1os que perduran en el tiempo.<\/p><p>Como dec\u00eda Mies Van der Rohe: \"menos es m\u00e1s\"<em>menos es m\u00e1s<\/em>\u201d<\/p>\t\t\t\t\t\t\t\t<\/div>\n\t\t\t\t<\/div>\n\t\t\t\t<\/div>\n\t\t<div class=\"elementor-element elementor-element-c01a0a8 e-con-full e-flex e-con e-child\" data-id=\"c01a0a8\" data-element_type=\"container\" data-e-type=\"container\">\n\t\t\t\t<div class=\"elementor-element elementor-element-a280f19 elementor-widget elementor-widget-image-carousel\" data-id=\"a280f19\" data-element_type=\"widget\" data-e-type=\"widget\" data-settings=\"{&quot;slides_to_show&quot;:&quot;1&quot;,&quot;navigation&quot;:&quot;none&quot;,&quot;autoplay&quot;:&quot;yes&quot;,&quot;pause_on_hover&quot;:&quot;yes&quot;,&quot;pause_on_interaction&quot;:&quot;yes&quot;,&quot;autoplay_speed&quot;:5000,&quot;infinite&quot;:&quot;yes&quot;,&quot;effect&quot;:&quot;slide&quot;,&quot;speed&quot;:500}\" data-widget_type=\"image-carousel.default\">\n\t\t\t\t<div class=\"elementor-widget-container\">\n\t\t\t\t\t\t\t<div class=\"elementor-image-carousel-wrapper swiper\" role=\"region\" aria-roledescription=\"carousel\" aria-label=\"Carrusel de im\u00e1genes\" dir=\"ltr\">\n\t\t\t<div class=\"elementor-image-carousel swiper-wrapper\" aria-live=\"off\">\n\t\t\t\t\t\t\t\t<div class=\"swiper-slide\" role=\"group\" aria-roledescription=\"slide\" aria-label=\"1 de 4\"><figure class=\"swiper-slide-inner\"><img decoding=\"async\" class=\"swiper-slide-image\" src=\"https:\/\/marfreixa.com\/wp-content\/uploads\/2025\/04\/IMG_1351-1.jpg\" alt=\"IMG_1351\" \/><\/figure><\/div><div class=\"swiper-slide\" role=\"group\" aria-roledescription=\"slide\" aria-label=\"2 de 4\"><figure class=\"swiper-slide-inner\"><img decoding=\"async\" class=\"swiper-slide-image\" src=\"https:\/\/marfreixa.com\/wp-content\/uploads\/2025\/04\/IMG_1355.jpg\" alt=\"IMG_1355\" \/><\/figure><\/div><div class=\"swiper-slide\" role=\"group\" aria-roledescription=\"slide\" aria-label=\"3 de 4\"><figure class=\"swiper-slide-inner\"><img decoding=\"async\" class=\"swiper-slide-image\" src=\"https:\/\/marfreixa.com\/wp-content\/uploads\/2025\/04\/IMG_1361.jpg\" alt=\"IMG_1361\" \/><\/figure><\/div><div class=\"swiper-slide\" role=\"group\" aria-roledescription=\"slide\" aria-label=\"4 de 4\"><figure class=\"swiper-slide-inner\"><img decoding=\"async\" class=\"swiper-slide-image\" src=\"https:\/\/marfreixa.com\/wp-content\/uploads\/2025\/04\/IMG_1363.jpg\" alt=\"IMG_1363\" \/><\/figure><\/div>\t\t\t<\/div>\n\t\t\t\t\t\t\t\n\t\t\t\t\t\t\t\t\t<\/div>\n\t\t\t\t\t\t<\/div>\n\t\t\t\t<\/div>\n\t\t\t\t<\/div>\n\t\t\t\t\t<\/div>\n\t\t\t\t<\/div>\n\t\t<div class=\"elementor-element elementor-element-a4d3294 e-flex e-con-boxed e-con e-parent\" data-id=\"a4d3294\" data-element_type=\"container\" data-e-type=\"container\">\n\t\t\t\t\t<div class=\"e-con-inner\">\n\t\t<div class=\"elementor-element elementor-element-075bca6 e-con-full e-flex e-con e-child\" data-id=\"075bca6\" data-element_type=\"container\" data-e-type=\"container\">\n\t\t\t\t<div class=\"elementor-element elementor-element-57c14eb elementor-widget elementor-widget-image\" data-id=\"57c14eb\" data-element_type=\"widget\" data-e-type=\"widget\" data-widget_type=\"image.default\">\n\t\t\t\t<div class=\"elementor-widget-container\">\n\t\t\t\t\t\t\t\t\t\t\t\t\t\t\t<img fetchpriority=\"high\" decoding=\"async\" width=\"394\" height=\"369\" src=\"https:\/\/marfreixa.com\/wp-content\/uploads\/2025\/05\/mar.jpg\" class=\"attachment-large size-large wp-image-368\" alt=\"\" srcset=\"https:\/\/marfreixa.com\/wp-content\/uploads\/2025\/05\/mar.jpg 394w, https:\/\/marfreixa.com\/wp-content\/uploads\/2025\/05\/mar-300x281.jpg 300w\" sizes=\"(max-width: 394px) 100vw, 394px\" \/>\t\t\t\t\t\t\t\t\t\t\t\t\t\t\t<\/div>\n\t\t\t\t<\/div>\n\t\t\t\t<\/div>\n\t\t<div class=\"elementor-element elementor-element-0edd9e6 e-con-full e-flex e-con e-child\" data-id=\"0edd9e6\" data-element_type=\"container\" data-e-type=\"container\">\n\t\t\t\t<div class=\"elementor-element elementor-element-5f4c164 elementor-widget elementor-widget-n-accordion\" data-id=\"5f4c164\" data-element_type=\"widget\" data-e-type=\"widget\" data-settings=\"{&quot;default_state&quot;:&quot;all_collapsed&quot;,&quot;max_items_expended&quot;:&quot;one&quot;,&quot;n_accordion_animation_duration&quot;:{&quot;unit&quot;:&quot;ms&quot;,&quot;size&quot;:400,&quot;sizes&quot;:[]}}\" data-widget_type=\"nested-accordion.default\">\n\t\t\t\t<div class=\"elementor-widget-container\">\n\t\t\t\t\t\t\t<div class=\"e-n-accordion\" aria-label=\"Accordion. Open links with Enter or Space, close with Escape, and navigate with Arrow Keys\">\n\t\t\t\t\t\t<details id=\"e-n-accordion-item-9990\" class=\"e-n-accordion-item\" >\n\t\t\t\t<summary class=\"e-n-accordion-item-title\" data-accordion-index=\"1\" tabindex=\"0\" aria-expanded=\"false\" aria-controls=\"e-n-accordion-item-9990\" >\n\t\t\t\t\t<span class='e-n-accordion-item-title-header'><div class=\"e-n-accordion-item-title-text\"> Mar Freixa <\/div><\/span>\n\t\t\t\t\t\t\t<span class='e-n-accordion-item-title-icon'>\n\t\t\t<span class='e-opened' ><svg aria-hidden=\"true\" class=\"e-font-icon-svg e-fas-minus\" viewbox=\"0 0 448 512\" xmlns=\"http:\/\/www.w3.org\/2000\/svg\"><path d=\"M416 208H32c-17.67 0-32 14.33-32 32v32c0 17.67 14.33 32 32 32h384c17.67 0 32-14.33 32-32v-32c0-17.67-14.33-32-32-32z\"><\/path><\/svg><\/span>\n\t\t\t<span class='e-closed'><svg aria-hidden=\"true\" class=\"e-font-icon-svg e-fas-plus\" viewbox=\"0 0 448 512\" xmlns=\"http:\/\/www.w3.org\/2000\/svg\"><path d=\"M416 208H272V64c0-17.67-14.33-32-32-32h-32c-17.67 0-32 14.33-32 32v144H32c-17.67 0-32 14.33-32 32v32c0 17.67 14.33 32 32 32h144v144c0 17.67 14.33 32 32 32h32c17.67 0 32-14.33 32-32V304h144c17.67 0 32-14.33 32-32v-32c0-17.67-14.33-32-32-32z\"><\/path><\/svg><\/span>\n\t\t<\/span>\n\n\t\t\t\t\t\t<\/summary>\n\t\t\t\t<div role=\"region\" aria-labelledby=\"e-n-accordion-item-9990\" class=\"elementor-element elementor-element-ffb343a e-con-full e-flex e-con e-child\" data-id=\"ffb343a\" data-element_type=\"container\" data-e-type=\"container\">\n\t\t\t\t<div class=\"elementor-element elementor-element-681d556 elementor-widget elementor-widget-text-editor\" data-id=\"681d556\" data-element_type=\"widget\" data-e-type=\"widget\" data-widget_type=\"text-editor.default\">\n\t\t\t\t<div class=\"elementor-widget-container\">\n\t\t\t\t\t\t\t\t\t<p>Fundadora del estudio de arquitectura con una trayectoria de m\u00e1s de 15 a\u00f1os de experiencia. \nMar Freixa compagin\u00f3 los estudios de arquitectura en la Salle Universitat Ramon Llull con la pr\u00e1ctica profesional en varios despachos de arquitectura. \nEmpez\u00f3 su carrera profesional colaborando como arquitecta en diferentes estudios de arquitectura a la vez que tasaba viviendas por VTH Sociedad de Tasaciones.\u00a0<\/p><p>Las ganas de hacer una arquitectura m\u00e1s respetuosa con las personas y el medio ambiente impulsaron que fundara su propio estudio en el 2010.<\/p><p>El a\u00f1o 2014 decidi\u00f3 profundizar sus conocimientos de arquitecta con estudios de<\/p><ul><li>FENG SHUI con Sallie Tsui Sean (2014)<\/li><li>BIOCONSTRUCCI\u00d3 con Sonia Hernandez Monta\u00f1u (2016)\u00a0 \u00a0 \u00a0<\/li><li>FORMACI\u00d3 de La asociaci\u00f3n de estudios Geobiol\u00f3gicos de GEA (2016-2019)<\/li><\/ul><p>Este recorrido, lo ha llevado a integrar en sus proyectos principios de sostenibilidad, armon\u00eda con la naturaleza y bienestar.<\/p>\t\t\t\t\t\t\t\t<\/div>\n\t\t\t\t<\/div>\n\t\t\t\t<\/div>\n\t\t\t\t\t<\/details>\n\t\t\t\t\t\t<details id=\"e-n-accordion-item-9991\" class=\"e-n-accordion-item\" >\n\t\t\t\t<summary class=\"e-n-accordion-item-title\" data-accordion-index=\"2\" tabindex=\"-1\" aria-expanded=\"false\" aria-controls=\"e-n-accordion-item-9991\" >\n\t\t\t\t\t<span class='e-n-accordion-item-title-header'><div class=\"e-n-accordion-item-title-text\"> Forma de trabajar <\/div><\/span>\n\t\t\t\t\t\t\t<span class='e-n-accordion-item-title-icon'>\n\t\t\t<span class='e-opened' ><svg aria-hidden=\"true\" class=\"e-font-icon-svg e-fas-minus\" viewbox=\"0 0 448 512\" xmlns=\"http:\/\/www.w3.org\/2000\/svg\"><path d=\"M416 208H32c-17.67 0-32 14.33-32 32v32c0 17.67 14.33 32 32 32h384c17.67 0 32-14.33 32-32v-32c0-17.67-14.33-32-32-32z\"><\/path><\/svg><\/span>\n\t\t\t<span class='e-closed'><svg aria-hidden=\"true\" class=\"e-font-icon-svg e-fas-plus\" viewbox=\"0 0 448 512\" xmlns=\"http:\/\/www.w3.org\/2000\/svg\"><path d=\"M416 208H272V64c0-17.67-14.33-32-32-32h-32c-17.67 0-32 14.33-32 32v144H32c-17.67 0-32 14.33-32 32v32c0 17.67 14.33 32 32 32h144v144c0 17.67 14.33 32 32 32h32c17.67 0 32-14.33 32-32V304h144c17.67 0 32-14.33 32-32v-32c0-17.67-14.33-32-32-32z\"><\/path><\/svg><\/span>\n\t\t<\/span>\n\n\t\t\t\t\t\t<\/summary>\n\t\t\t\t<div role=\"region\" aria-labelledby=\"e-n-accordion-item-9991\" class=\"elementor-element elementor-element-7a4511e e-con-full e-flex e-con e-child\" data-id=\"7a4511e\" data-element_type=\"container\" data-e-type=\"container\">\n\t\t\t\t<div class=\"elementor-element elementor-element-e8028f6 elementor-widget elementor-widget-text-editor\" data-id=\"e8028f6\" data-element_type=\"widget\" data-e-type=\"widget\" data-widget_type=\"text-editor.default\">\n\t\t\t\t<div class=\"elementor-widget-container\">\n\t\t\t\t\t\t\t\t\t<p>Te escuchamos para entender qu\u00e9 quieres y que necesitas para poderlo hacer posible y te acompa\u00f1amos en todas las fases de proyecto desde las primeras ideas hasta el final de la obra.<\/p>\t\t\t\t\t\t\t\t<\/div>\n\t\t\t\t<\/div>\n\t\t\t\t<\/div>\n\t\t\t\t\t<\/details>\n\t\t\t\t\t\t<details id=\"e-n-accordion-item-9992\" class=\"e-n-accordion-item\" >\n\t\t\t\t<summary class=\"e-n-accordion-item-title\" data-accordion-index=\"3\" tabindex=\"-1\" aria-expanded=\"false\" aria-controls=\"e-n-accordion-item-9992\" >\n\t\t\t\t\t<span class='e-n-accordion-item-title-header'><div class=\"e-n-accordion-item-title-text\"> Somos un equipo <\/div><\/span>\n\t\t\t\t\t\t\t<span class='e-n-accordion-item-title-icon'>\n\t\t\t<span class='e-opened' ><svg aria-hidden=\"true\" class=\"e-font-icon-svg e-fas-minus\" viewbox=\"0 0 448 512\" xmlns=\"http:\/\/www.w3.org\/2000\/svg\"><path d=\"M416 208H32c-17.67 0-32 14.33-32 32v32c0 17.67 14.33 32 32 32h384c17.67 0 32-14.33 32-32v-32c0-17.67-14.33-32-32-32z\"><\/path><\/svg><\/span>\n\t\t\t<span class='e-closed'><svg aria-hidden=\"true\" class=\"e-font-icon-svg e-fas-plus\" viewbox=\"0 0 448 512\" xmlns=\"http:\/\/www.w3.org\/2000\/svg\"><path d=\"M416 208H272V64c0-17.67-14.33-32-32-32h-32c-17.67 0-32 14.33-32 32v144H32c-17.67 0-32 14.33-32 32v32c0 17.67 14.33 32 32 32h144v144c0 17.67 14.33 32 32 32h32c17.67 0 32-14.33 32-32V304h144c17.67 0 32-14.33 32-32v-32c0-17.67-14.33-32-32-32z\"><\/path><\/svg><\/span>\n\t\t<\/span>\n\n\t\t\t\t\t\t<\/summary>\n\t\t\t\t<div role=\"region\" aria-labelledby=\"e-n-accordion-item-9992\" class=\"elementor-element elementor-element-391044d e-con-full e-flex e-con e-child\" data-id=\"391044d\" data-element_type=\"container\" data-e-type=\"container\">\n\t\t\t\t<div class=\"elementor-element elementor-element-dc30d3b elementor-widget elementor-widget-text-editor\" data-id=\"dc30d3b\" data-element_type=\"widget\" data-e-type=\"widget\" data-widget_type=\"text-editor.default\">\n\t\t\t\t<div class=\"elementor-widget-container\">\n\t\t\t\t\t\t\t\t\t<p>El equipo no solo lo forma el grupo de profesionales que colaborar\u00e1n en la obra sino que el propio cliente pasar\u00e1 a ser un miembro m\u00e1s de este equipo para generar complicidades y hacer que todas las decisiones vayan en la misma direcci\u00f3n.<\/p>\t\t\t\t\t\t\t\t<\/div>\n\t\t\t\t<\/div>\n\t\t\t\t<\/div>\n\t\t\t\t\t<\/details>\n\t\t\t\t\t\t<details id=\"e-n-accordion-item-9993\" class=\"e-n-accordion-item\" >\n\t\t\t\t<summary class=\"e-n-accordion-item-title\" data-accordion-index=\"4\" tabindex=\"-1\" aria-expanded=\"false\" aria-controls=\"e-n-accordion-item-9993\" >\n\t\t\t\t\t<span class='e-n-accordion-item-title-header'><div class=\"e-n-accordion-item-title-text\"> Otros servicios <\/div><\/span>\n\t\t\t\t\t\t\t<span class='e-n-accordion-item-title-icon'>\n\t\t\t<span class='e-opened' ><svg aria-hidden=\"true\" class=\"e-font-icon-svg e-fas-minus\" viewbox=\"0 0 448 512\" xmlns=\"http:\/\/www.w3.org\/2000\/svg\"><path d=\"M416 208H32c-17.67 0-32 14.33-32 32v32c0 17.67 14.33 32 32 32h384c17.67 0 32-14.33 32-32v-32c0-17.67-14.33-32-32-32z\"><\/path><\/svg><\/span>\n\t\t\t<span class='e-closed'><svg aria-hidden=\"true\" class=\"e-font-icon-svg e-fas-plus\" viewbox=\"0 0 448 512\" xmlns=\"http:\/\/www.w3.org\/2000\/svg\"><path d=\"M416 208H272V64c0-17.67-14.33-32-32-32h-32c-17.67 0-32 14.33-32 32v144H32c-17.67 0-32 14.33-32 32v32c0 17.67 14.33 32 32 32h144v144c0 17.67 14.33 32 32 32h32c17.67 0 32-14.33 32-32V304h144c17.67 0 32-14.33 32-32v-32c0-17.67-14.33-32-32-32z\"><\/path><\/svg><\/span>\n\t\t<\/span>\n\n\t\t\t\t\t\t<\/summary>\n\t\t\t\t<div role=\"region\" aria-labelledby=\"e-n-accordion-item-9993\" class=\"elementor-element elementor-element-4a9036d e-flex e-con-boxed e-con e-child\" data-id=\"4a9036d\" data-element_type=\"container\" data-e-type=\"container\">\n\t\t\t\t\t<div class=\"e-con-inner\">\n\t\t\t\t<div class=\"elementor-element elementor-element-c270104 elementor-widget elementor-widget-text-editor\" data-id=\"c270104\" data-element_type=\"widget\" data-e-type=\"widget\" data-widget_type=\"text-editor.default\">\n\t\t\t\t<div class=\"elementor-widget-container\">\n\t\t\t\t\t\t\t\t\t<ul><li>C\u00e9dulas de habitabilidad<\/li><li>Certificados de efici\u00e9ncia energ\u00e9tica (CEE)<\/li><li>Inspecciones t\u00e9cnicas de la edificaci\u00f3n (ITE)<\/li><li>Dict\u00e1menes e informes<\/li><li>Tasaciones particulares de viviendas<\/li><li>Lagalizaciones<\/li><li>Asesoramieno en compra de viviendas <\/li><\/ul>\t\t\t\t\t\t\t\t<\/div>\n\t\t\t\t<\/div>\n\t\t\t\t\t<\/div>\n\t\t\t\t<\/div>\n\t\t\t\t\t<\/details>\n\t\t\t\t\t<\/div>\n\t\t\t\t\t\t<\/div>\n\t\t\t\t<\/div>\n\t\t\t\t<\/div>\n\t\t\t\t\t<\/div>\n\t\t\t\t<\/div>\n\t\t\t\t<\/div>","protected":false},"excerpt":{"rendered":"<p>Estudi Estudi especialitzat en transformar el teu habitatge en una llar saludable, c\u00e0lida i acollidora. En una llar \u00daNICA que s\u00b4acomodi al teu estil de vida, mantenint un equilibri perfecte entre confort, funcionalitat i disseny atemporal que s&#8217;adapti a les teves necessitats, maximitzant l\u2019aprofitament dels espais i sobretot garantint la SALUT de les persones que [&hellip;]<\/p>\n","protected":false},"author":1,"featured_media":0,"parent":0,"menu_order":0,"comment_status":"closed","ping_status":"closed","template":"","meta":{"footnotes":""},"class_list":["post-257","page","type-page","status-publish","hentry"],"yoast_head":"<!-- This site is optimized with the Yoast SEO plugin v27.1.1 - https:\/\/yoast.com\/product\/yoast-seo-wordpress\/ -->\n<title>Estudi - Mar Freixa<\/title>\n<meta name=\"robots\" content=\"index, follow, max-snippet:-1, max-image-preview:large, max-video-preview:-1\" \/>\n<link rel=\"canonical\" href=\"https:\/\/marfreixa.com\/es\/estudi\/\" \/>\n<meta property=\"og:locale\" content=\"es_ES\" \/>\n<meta property=\"og:type\" content=\"article\" \/>\n<meta property=\"og:title\" content=\"Estudi - Mar Freixa\" \/>\n<meta property=\"og:description\" content=\"Estudi Estudi especialitzat en transformar el teu habitatge en una llar saludable, c\u00e0lida i acollidora. En una llar \u00daNICA que s\u00b4acomodi al teu estil de vida, mantenint un equilibri perfecte entre confort, funcionalitat i disseny atemporal que s&#8217;adapti a les teves necessitats, maximitzant l\u2019aprofitament dels espais i sobretot garantint la SALUT de les persones que [&hellip;]\" \/>\n<meta property=\"og:url\" content=\"https:\/\/marfreixa.com\/es\/estudi\/\" \/>\n<meta property=\"og:site_name\" content=\"Mar Freixa\" \/>\n<meta property=\"article:modified_time\" content=\"2025-06-02T15:36:21+00:00\" \/>\n<meta property=\"og:image\" content=\"https:\/\/marfreixa.com\/wp-content\/uploads\/2025\/04\/IMG_1351-1.jpg\" \/>\n<meta name=\"twitter:card\" content=\"summary_large_image\" \/>\n<meta name=\"twitter:label1\" content=\"Tiempo de lectura\" \/>\n\t<meta name=\"twitter:data1\" content=\"4 minutos\" \/>\n<script type=\"application\/ld+json\" class=\"yoast-schema-graph\">{\"@context\":\"https:\/\/schema.org\",\"@graph\":[{\"@type\":\"WebPage\",\"@id\":\"https:\/\/marfreixa.com\/es\/estudi\/\",\"url\":\"https:\/\/marfreixa.com\/es\/estudi\/\",\"name\":\"Estudi - Mar Freixa\",\"isPartOf\":{\"@id\":\"https:\/\/marfreixa.com\/#website\"},\"primaryImageOfPage\":{\"@id\":\"https:\/\/marfreixa.com\/es\/estudi\/#primaryimage\"},\"image\":{\"@id\":\"https:\/\/marfreixa.com\/es\/estudi\/#primaryimage\"},\"thumbnailUrl\":\"https:\/\/marfreixa.com\/wp-content\/uploads\/2025\/04\/IMG_1351-1.jpg\",\"datePublished\":\"2025-04-10T17:00:08+00:00\",\"dateModified\":\"2025-06-02T15:36:21+00:00\",\"breadcrumb\":{\"@id\":\"https:\/\/marfreixa.com\/es\/estudi\/#breadcrumb\"},\"inLanguage\":\"es\",\"potentialAction\":[{\"@type\":\"ReadAction\",\"target\":[\"https:\/\/marfreixa.com\/es\/estudi\/\"]}]},{\"@type\":\"ImageObject\",\"inLanguage\":\"es\",\"@id\":\"https:\/\/marfreixa.com\/es\/estudi\/#primaryimage\",\"url\":\"https:\/\/marfreixa.com\/wp-content\/uploads\/2025\/04\/IMG_1351-1.jpg\",\"contentUrl\":\"https:\/\/marfreixa.com\/wp-content\/uploads\/2025\/04\/IMG_1351-1.jpg\"},{\"@type\":\"BreadcrumbList\",\"@id\":\"https:\/\/marfreixa.com\/es\/estudi\/#breadcrumb\",\"itemListElement\":[{\"@type\":\"ListItem\",\"position\":1,\"name\":\"Portada\",\"item\":\"https:\/\/marfreixa.com\/\"},{\"@type\":\"ListItem\",\"position\":2,\"name\":\"Estudi\"}]},{\"@type\":\"WebSite\",\"@id\":\"https:\/\/marfreixa.com\/#website\",\"url\":\"https:\/\/marfreixa.com\/\",\"name\":\"Mar Freixa\",\"description\":\"\",\"potentialAction\":[{\"@type\":\"SearchAction\",\"target\":{\"@type\":\"EntryPoint\",\"urlTemplate\":\"https:\/\/marfreixa.com\/?s={search_term_string}\"},\"query-input\":{\"@type\":\"PropertyValueSpecification\",\"valueRequired\":true,\"valueName\":\"search_term_string\"}}],\"inLanguage\":\"es\"}]}<\/script>\n<!-- \/ Yoast SEO plugin. -->","yoast_head_json":{"title":"Estudi - Mar Freixa","robots":{"index":"index","follow":"follow","max-snippet":"max-snippet:-1","max-image-preview":"max-image-preview:large","max-video-preview":"max-video-preview:-1"},"canonical":"https:\/\/marfreixa.com\/es\/estudi\/","og_locale":"es_ES","og_type":"article","og_title":"Estudi - Mar Freixa","og_description":"Estudi Estudi especialitzat en transformar el teu habitatge en una llar saludable, c\u00e0lida i acollidora. En una llar \u00daNICA que s\u00b4acomodi al teu estil de vida, mantenint un equilibri perfecte entre confort, funcionalitat i disseny atemporal que s&#8217;adapti a les teves necessitats, maximitzant l\u2019aprofitament dels espais i sobretot garantint la SALUT de les persones que [&hellip;]","og_url":"https:\/\/marfreixa.com\/es\/estudi\/","og_site_name":"Mar Freixa","article_modified_time":"2025-06-02T15:36:21+00:00","og_image":[{"url":"https:\/\/marfreixa.com\/wp-content\/uploads\/2025\/04\/IMG_1351-1.jpg","type":"","width":"","height":""}],"twitter_card":"summary_large_image","twitter_misc":{"Tiempo de lectura":"4 minutos"},"schema":{"@context":"https:\/\/schema.org","@graph":[{"@type":"WebPage","@id":"https:\/\/marfreixa.com\/es\/estudi\/","url":"https:\/\/marfreixa.com\/es\/estudi\/","name":"Estudi - Mar Freixa","isPartOf":{"@id":"https:\/\/marfreixa.com\/#website"},"primaryImageOfPage":{"@id":"https:\/\/marfreixa.com\/es\/estudi\/#primaryimage"},"image":{"@id":"https:\/\/marfreixa.com\/es\/estudi\/#primaryimage"},"thumbnailUrl":"https:\/\/marfreixa.com\/wp-content\/uploads\/2025\/04\/IMG_1351-1.jpg","datePublished":"2025-04-10T17:00:08+00:00","dateModified":"2025-06-02T15:36:21+00:00","breadcrumb":{"@id":"https:\/\/marfreixa.com\/es\/estudi\/#breadcrumb"},"inLanguage":"es","potentialAction":[{"@type":"ReadAction","target":["https:\/\/marfreixa.com\/es\/estudi\/"]}]},{"@type":"ImageObject","inLanguage":"es","@id":"https:\/\/marfreixa.com\/es\/estudi\/#primaryimage","url":"https:\/\/marfreixa.com\/wp-content\/uploads\/2025\/04\/IMG_1351-1.jpg","contentUrl":"https:\/\/marfreixa.com\/wp-content\/uploads\/2025\/04\/IMG_1351-1.jpg"},{"@type":"BreadcrumbList","@id":"https:\/\/marfreixa.com\/es\/estudi\/#breadcrumb","itemListElement":[{"@type":"ListItem","position":1,"name":"Portada","item":"https:\/\/marfreixa.com\/"},{"@type":"ListItem","position":2,"name":"Estudi"}]},{"@type":"WebSite","@id":"https:\/\/marfreixa.com\/#website","url":"https:\/\/marfreixa.com\/","name":"Mar Freixa","description":"","potentialAction":[{"@type":"SearchAction","target":{"@type":"EntryPoint","urlTemplate":"https:\/\/marfreixa.com\/?s={search_term_string}"},"query-input":{"@type":"PropertyValueSpecification","valueRequired":true,"valueName":"search_term_string"}}],"inLanguage":"es"}]}},"_links":{"self":[{"href":"https:\/\/marfreixa.com\/es\/wp-json\/wp\/v2\/pages\/257","targetHints":{"allow":["GET"]}}],"collection":[{"href":"https:\/\/marfreixa.com\/es\/wp-json\/wp\/v2\/pages"}],"about":[{"href":"https:\/\/marfreixa.com\/es\/wp-json\/wp\/v2\/types\/page"}],"author":[{"embeddable":true,"href":"https:\/\/marfreixa.com\/es\/wp-json\/wp\/v2\/users\/1"}],"replies":[{"embeddable":true,"href":"https:\/\/marfreixa.com\/es\/wp-json\/wp\/v2\/comments?post=257"}],"version-history":[{"count":46,"href":"https:\/\/marfreixa.com\/es\/wp-json\/wp\/v2\/pages\/257\/revisions"}],"predecessor-version":[{"id":500,"href":"https:\/\/marfreixa.com\/es\/wp-json\/wp\/v2\/pages\/257\/revisions\/500"}],"wp:attachment":[{"href":"https:\/\/marfreixa.com\/es\/wp-json\/wp\/v2\/media?parent=257"}],"curies":[{"name":"wp","href":"https:\/\/api.w.org\/{rel}","templated":true}]}}